{"id":34,"date":"2020-02-04T21:27:01","date_gmt":"2020-02-04T21:27:01","guid":{"rendered":"http:\/\/freie-sander-buerger.de\/?page_id=34"},"modified":"2020-02-04T22:19:49","modified_gmt":"2020-02-04T22:19:49","slug":"impressum","status":"publish","type":"page","link":"https:\/\/freie-sander-buerger.de\/?page_id=34","title":{"rendered":"Impressum"},"content":{"rendered":"\n<p>FW \u2013 Freie Sander B\u00fcrger e.V.<br>\n1. Vorsitzender J\u00f6rg K\u00fcmmel<br>\nJohannissteig 19<br>\n97522 Sand<br>\nDeutschland<\/p>\n\n\n\n<p>Tel.: 09524 30 38 467<br>\nE-Mail: info@freie-sander-buerger.de<\/p>\n\n\n\n<p>Website: www.freie-sander-buerger.de<\/p>\n","protected":false},"excerpt":{"rendered":"<p>FW \u2013 Freie Sander B\u00fcrger e.V. 1. Vorsitzender J\u00f6rg K\u00fcmmel Johannissteig 19 97522 Sand Deutschland Tel.: 09524 30 38 467 E-Mail: info@freie-sander-buerger.de Website: www.freie-sander-buerger.de<\/p>\n","protected":false},"author":3,"featured_media":0,"parent":0,"menu_order":0,"comment_status":"closed","ping_status":"closed","template":"","meta":{"footnotes":""},"class_list":["post-34","page","type-page","status-publish","hentry","entry"],"_links":{"self":[{"href":"https:\/\/freie-sander-buerger.de\/index.php?rest_route=\/wp\/v2\/pages\/34","targetHints":{"allow":["GET"]}}],"collection":[{"href":"https:\/\/freie-sander-buerger.de\/index.php?rest_route=\/wp\/v2\/pages"}],"about":[{"href":"https:\/\/freie-sander-buerger.de\/index.php?rest_route=\/wp\/v2\/types\/page"}],"author":[{"embeddable":true,"href":"https:\/\/freie-sander-buerger.de\/index.php?rest_route=\/wp\/v2\/users\/3"}],"replies":[{"embeddable":true,"href":"https:\/\/freie-sander-buerger.de\/index.php?rest_route=%2Fwp%2Fv2%2Fcomments&post=34"}],"version-history":[{"count":2,"href":"https:\/\/freie-sander-buerger.de\/index.php?rest_route=\/wp\/v2\/pages\/34\/revisions"}],"predecessor-version":[{"id":44,"href":"https:\/\/freie-sander-buerger.de\/index.php?rest_route=\/wp\/v2\/pages\/34\/revisions\/44"}],"wp:attachment":[{"href":"https:\/\/freie-sander-buerger.de\/index.php?rest_route=%2Fwp%2Fv2%2Fmedia&parent=34"}],"curies":[{"name":"wp","href":"https:\/\/api.w.org\/{rel}","templated":true}]}}